{"id":25,"date":"2012-10-26T08:54:24","date_gmt":"2012-10-26T07:54:24","guid":{"rendered":"http:\/\/www.andata-e-ritorno.ch\/site\/?page_id=25"},"modified":"2014-09-08T21:42:52","modified_gmt":"2014-09-08T19:42:52","slug":"un-spectacle","status":"publish","type":"page","link":"https:\/\/www.andata-e-ritorno.ch\/it\/un-spectacle\/","title":{"rendered":"Uno spettacolo"},"content":{"rendered":"<p><div class=\"one_half\"><iframe loading=\"lazy\" src=\"\/\/www.youtube.com\/embed\/5LtfN4qtaTs\" width=\"960\" height=\"720\" frameborder=\"0\" allowfullscreen=\"allowfullscreen\"><\/iframe><\/div>\n<div class=\"one_half last\">\n<h3>Terra di Lavoro<\/h3>\n<p>Il leitmotiv di questa parte \u00e8:\u00a0\u00ab Dove vado?\u00a0\u00bb<\/p>\n<p>Creare uno spettacolo, ritrovare il palco per concludere Andata e Ritorno \u00e8 gi\u00e0, in un certo senso, rispondere a questa domanda. In verit\u00e0, tramite le mie scelte professionali, mi immagino a lungo termenell&#8217;ambito del teatro. O almeno, con la salute, in questa disciplina che spero di lavorare il pi\u00f9 a lungo possibile. Spero di potere imparare, condividere, scoprire sempre vicino al palco scenico. \u00c8 la mia direzione\u2026<\/p>\n<p>Il titolo dato a questo ultimo frammento \u00e8 quello di una poesia di Pier Paolo Pasolini nella quale vengon descritte la tristezza, \u00a0la durezza, la povert\u00e0 di una regione italiana ormai remota. La\u00a0\u00a0\u00ab Terra di Lavoro \u00bb era una zone compresa tra il Lazio e la Campania attuali. Il suo nome non viene dalla parola\u00a0\u00ab lavoro \u00bb ma deriva\u00a0da quello del antico popolo\u00a0Liburi o Leborini, che viveva nella zona.<\/p>\n<p>Questo ultimo frammento di Andata e Ritorno \u00e8 previsto per settembre-ottobre\u00a02014.\u00a0<\/div><div class=\"clear\"><\/div>\nFoto: Pierre Nydegger<br \/>\n\n        <style type='text\/css'>\n            #gallery-2 {\n                margin: auto;\n            }\n            #gallery-2 .gallery-item {\n                float: left;\n                margin-top: 10px;\n                text-align: center;\n                width: 33%;           }\n            #gallery-2 img {\n                border: 2px solid #cfcfcf;\n            }\n            #gallery-2 .gallery-caption {\n                margin-left: 0;\n            }\n        <\/style>\n        <!-- see gallery_shortcode() in wp-includes\/media.php -->\n        <div id='gallery-2' class='gallery-images gallery galleryid-25'><dl class='gallery-item'>\n            <dt class='gallery-icon'>\n                <a href='https:\/\/www.andata-e-ritorno.ch\/site\/wp-content\/uploads\/2014\/09\/SANandaterit_P-278.jpg'><img loading=\"lazy\" decoding=\"async\" width=\"150\" height=\"99\" src=\"https:\/\/www.andata-e-ritorno.ch\/site\/wp-content\/uploads\/2014\/09\/SANandaterit_P-278-150x99.jpg\" class=\"attachment-thumbnail size-thumbnail\" alt=\"\" srcset=\"https:\/\/www.andata-e-ritorno.ch\/site\/wp-content\/uploads\/2014\/09\/SANandaterit_P-278-150x99.jpg 150w, https:\/\/www.andata-e-ritorno.ch\/site\/wp-content\/uploads\/2014\/09\/SANandaterit_P-278-300x199.jpg 300w, https:\/\/www.andata-e-ritorno.ch\/site\/wp-content\/uploads\/2014\/09\/SANandaterit_P-278-1024x681.jpg 1024w, https:\/\/www.andata-e-ritorno.ch\/site\/wp-content\/uploads\/2014\/09\/SANandaterit_P-278-600x399.jpg 600w, https:\/\/www.andata-e-ritorno.ch\/site\/wp-content\/uploads\/2014\/09\/SANandaterit_P-278-190x126.jpg 190w, https:\/\/www.andata-e-ritorno.ch\/site\/wp-content\/uploads\/2014\/09\/SANandaterit_P-278-280x186.jpg 280w, https:\/\/www.andata-e-ritorno.ch\/site\/wp-content\/uploads\/2014\/09\/SANandaterit_P-278-445x296.jpg 445w, https:\/\/www.andata-e-ritorno.ch\/site\/wp-content\/uploads\/2014\/09\/SANandaterit_P-278.jpg 1181w\" sizes=\"(max-width: 150px) 100vw, 150px\" \/><\/a>\n            <\/dt><\/dl><dl class='gallery-item'>\n            <dt class='gallery-icon'>\n                <a href='https:\/\/www.andata-e-ritorno.ch\/site\/wp-content\/uploads\/2014\/09\/SANandaterit_P-200.jpg'><img loading=\"lazy\" decoding=\"async\" width=\"150\" height=\"99\" src=\"https:\/\/www.andata-e-ritorno.ch\/site\/wp-content\/uploads\/2014\/09\/SANandaterit_P-200-150x99.jpg\" class=\"attachment-thumbnail size-thumbnail\" alt=\"\" srcset=\"https:\/\/www.andata-e-ritorno.ch\/site\/wp-content\/uploads\/2014\/09\/SANandaterit_P-200-150x99.jpg 150w, https:\/\/www.andata-e-ritorno.ch\/site\/wp-content\/uploads\/2014\/09\/SANandaterit_P-200-300x199.jpg 300w, https:\/\/www.andata-e-ritorno.ch\/site\/wp-content\/uploads\/2014\/09\/SANandaterit_P-200-1024x681.jpg 1024w, https:\/\/www.andata-e-ritorno.ch\/site\/wp-content\/uploads\/2014\/09\/SANandaterit_P-200-600x399.jpg 600w, https:\/\/www.andata-e-ritorno.ch\/site\/wp-content\/uploads\/2014\/09\/SANandaterit_P-200-190x126.jpg 190w, https:\/\/www.andata-e-ritorno.ch\/site\/wp-content\/uploads\/2014\/09\/SANandaterit_P-200-280x186.jpg 280w, https:\/\/www.andata-e-ritorno.ch\/site\/wp-content\/uploads\/2014\/09\/SANandaterit_P-200-445x296.jpg 445w, https:\/\/www.andata-e-ritorno.ch\/site\/wp-content\/uploads\/2014\/09\/SANandaterit_P-200.jpg 1181w\" sizes=\"(max-width: 150px) 100vw, 150px\" \/><\/a>\n            <\/dt><\/dl><dl class='gallery-item'>\n            <dt class='gallery-icon'>\n                <a href='https:\/\/www.andata-e-ritorno.ch\/site\/wp-content\/uploads\/2014\/09\/SANandaterit_P-174.jpg'><img loading=\"lazy\" decoding=\"async\" width=\"150\" height=\"99\" src=\"https:\/\/www.andata-e-ritorno.ch\/site\/wp-content\/uploads\/2014\/09\/SANandaterit_P-174-150x99.jpg\" class=\"attachment-thumbnail size-thumbnail\" alt=\"\" srcset=\"https:\/\/www.andata-e-ritorno.ch\/site\/wp-content\/uploads\/2014\/09\/SANandaterit_P-174-150x99.jpg 150w, https:\/\/www.andata-e-ritorno.ch\/site\/wp-content\/uploads\/2014\/09\/SANandaterit_P-174-300x199.jpg 300w, https:\/\/www.andata-e-ritorno.ch\/site\/wp-content\/uploads\/2014\/09\/SANandaterit_P-174-1024x681.jpg 1024w, https:\/\/www.andata-e-ritorno.ch\/site\/wp-content\/uploads\/2014\/09\/SANandaterit_P-174-600x399.jpg 600w, https:\/\/www.andata-e-ritorno.ch\/site\/wp-content\/uploads\/2014\/09\/SANandaterit_P-174-190x126.jpg 190w, https:\/\/www.andata-e-ritorno.ch\/site\/wp-content\/uploads\/2014\/09\/SANandaterit_P-174-280x186.jpg 280w, https:\/\/www.andata-e-ritorno.ch\/site\/wp-content\/uploads\/2014\/09\/SANandaterit_P-174-445x296.jpg 445w, https:\/\/www.andata-e-ritorno.ch\/site\/wp-content\/uploads\/2014\/09\/SANandaterit_P-174.jpg 1181w\" sizes=\"(max-width: 150px) 100vw, 150px\" \/><\/a>\n            <\/dt><\/dl><br style=\"clear: both\" \/><dl class='gallery-item'>\n            <dt class='gallery-icon'>\n                <a href='https:\/\/www.andata-e-ritorno.ch\/site\/wp-content\/uploads\/2014\/09\/SANandaterit_P-168.jpg'><img loading=\"lazy\" decoding=\"async\" width=\"150\" height=\"99\" src=\"https:\/\/www.andata-e-ritorno.ch\/site\/wp-content\/uploads\/2014\/09\/SANandaterit_P-168-150x99.jpg\" class=\"attachment-thumbnail size-thumbnail\" alt=\"\" srcset=\"https:\/\/www.andata-e-ritorno.ch\/site\/wp-content\/uploads\/2014\/09\/SANandaterit_P-168-150x99.jpg 150w, https:\/\/www.andata-e-ritorno.ch\/site\/wp-content\/uploads\/2014\/09\/SANandaterit_P-168-300x199.jpg 300w, https:\/\/www.andata-e-ritorno.ch\/site\/wp-content\/uploads\/2014\/09\/SANandaterit_P-168-1024x681.jpg 1024w, https:\/\/www.andata-e-ritorno.ch\/site\/wp-content\/uploads\/2014\/09\/SANandaterit_P-168-600x399.jpg 600w, https:\/\/www.andata-e-ritorno.ch\/site\/wp-content\/uploads\/2014\/09\/SANandaterit_P-168-190x126.jpg 190w, https:\/\/www.andata-e-ritorno.ch\/site\/wp-content\/uploads\/2014\/09\/SANandaterit_P-168-280x186.jpg 280w, https:\/\/www.andata-e-ritorno.ch\/site\/wp-content\/uploads\/2014\/09\/SANandaterit_P-168-445x296.jpg 445w, https:\/\/www.andata-e-ritorno.ch\/site\/wp-content\/uploads\/2014\/09\/SANandaterit_P-168.jpg 1181w\" sizes=\"(max-width: 150px) 100vw, 150px\" \/><\/a>\n            <\/dt><\/dl><dl class='gallery-item'>\n            <dt class='gallery-icon'>\n                <a href='https:\/\/www.andata-e-ritorno.ch\/site\/wp-content\/uploads\/2014\/09\/SANandaterit_P-314.jpg'><img loading=\"lazy\" decoding=\"async\" width=\"150\" height=\"99\" src=\"https:\/\/www.andata-e-ritorno.ch\/site\/wp-content\/uploads\/2014\/09\/SANandaterit_P-314-150x99.jpg\" class=\"attachment-thumbnail size-thumbnail\" alt=\"\" srcset=\"https:\/\/www.andata-e-ritorno.ch\/site\/wp-content\/uploads\/2014\/09\/SANandaterit_P-314-150x99.jpg 150w, https:\/\/www.andata-e-ritorno.ch\/site\/wp-content\/uploads\/2014\/09\/SANandaterit_P-314-300x199.jpg 300w, https:\/\/www.andata-e-ritorno.ch\/site\/wp-content\/uploads\/2014\/09\/SANandaterit_P-314-1024x681.jpg 1024w, https:\/\/www.andata-e-ritorno.ch\/site\/wp-content\/uploads\/2014\/09\/SANandaterit_P-314-600x399.jpg 600w, https:\/\/www.andata-e-ritorno.ch\/site\/wp-content\/uploads\/2014\/09\/SANandaterit_P-314-190x126.jpg 190w, https:\/\/www.andata-e-ritorno.ch\/site\/wp-content\/uploads\/2014\/09\/SANandaterit_P-314-280x186.jpg 280w, https:\/\/www.andata-e-ritorno.ch\/site\/wp-content\/uploads\/2014\/09\/SANandaterit_P-314-445x296.jpg 445w, https:\/\/www.andata-e-ritorno.ch\/site\/wp-content\/uploads\/2014\/09\/SANandaterit_P-314.jpg 1181w\" sizes=\"(max-width: 150px) 100vw, 150px\" \/><\/a>\n            <\/dt><\/dl>\n            <br style='clear: both;' \/>\n        <\/div>\n\n<\/p>","protected":false},"excerpt":{"rendered":"<p>Foto: Pierre Nydegger<\/p>\n","protected":false},"author":3,"featured_media":0,"parent":0,"menu_order":0,"comment_status":"closed","ping_status":"closed","template":"","meta":{"footnotes":""},"_links":{"self":[{"href":"https:\/\/www.andata-e-ritorno.ch\/it\/wp-json\/wp\/v2\/pages\/25"}],"collection":[{"href":"https:\/\/www.andata-e-ritorno.ch\/it\/wp-json\/wp\/v2\/pages"}],"about":[{"href":"https:\/\/www.andata-e-ritorno.ch\/it\/wp-json\/wp\/v2\/types\/page"}],"author":[{"embeddable":true,"href":"https:\/\/www.andata-e-ritorno.ch\/it\/wp-json\/wp\/v2\/users\/3"}],"replies":[{"embeddable":true,"href":"https:\/\/www.andata-e-ritorno.ch\/it\/wp-json\/wp\/v2\/comments?post=25"}],"version-history":[{"count":62,"href":"https:\/\/www.andata-e-ritorno.ch\/it\/wp-json\/wp\/v2\/pages\/25\/revisions"}],"predecessor-version":[{"id":3510,"href":"https:\/\/www.andata-e-ritorno.ch\/it\/wp-json\/wp\/v2\/pages\/25\/revisions\/3510"}],"wp:attachment":[{"href":"https:\/\/www.andata-e-ritorno.ch\/it\/wp-json\/wp\/v2\/media?parent=25"}],"curies":[{"name":"wp","href":"https:\/\/api.w.org\/{rel}","templated":true}]}}